{"id":159,"date":"2018-05-04T06:45:05","date_gmt":"2018-05-04T04:45:05","guid":{"rendered":"http:\/\/djkvfl-giesenkirchen.de\/neu\/?page_id=159"},"modified":"2018-05-04T07:36:45","modified_gmt":"2018-05-04T05:36:45","slug":"ueber-uns","status":"publish","type":"page","link":"http:\/\/djkvfl-giesenkirchen.de\/neu\/home\/ueber-uns\/","title":{"rendered":"\u00dcber uns"},"content":{"rendered":"<p><span style=\"font-family: arial, helvetica, sans-serif; font-size: 12pt;\">Der Verein DJK\/VfL Giesenkirchen ist aus dem DJK Tura 05\/07 und dem Schwarz-Wei\u00df 09 Giesenkirchen entstanden. Im Jahre 1905 wurde der DJK Tura von der St. Gereons-Gemeinde mit einer Turngruppe gegr\u00fcndet. Diese Turnabteilung hatte trotz des Ersten und Zweiten Weltkriegs immer einen hervorragenden Ruf, auch au\u00dferhalb von Giesenkirchen.<\/span><\/p>\n<p><span style=\"font-family: arial, helvetica, sans-serif; font-size: 12pt;\">Nach den Kriegen fanden die Turner kein geeignetes Vereinshaus, und so beschloss man im Jahre 1907, eine Fu\u00dfballabteilung zu gr\u00fcnden. Man spielte nun auf dem Gel\u00e4nde gegen\u00fcber der damaligen Westschule. Im Jahr 1920 schloss sich der Tura 05\/07 dem Reichsverband der DJK an. Dieser Verband betrieb bis zu seinem Verbot 1934 viele verschiedene Sportarten. So zerfiel der Fu\u00dfballclub im Jahr 1934 genauso wie die Turner.<\/span><\/p>\n<p><span style=\"font-family: arial, helvetica, sans-serif; font-size: 12pt;\">Im Jahr 1949 lie\u00df Willy Meisen den Sportclub wieder auferstehen. Man spielte nun nicht mehr auf dem alten Sportplatz, sondern bekam die Sportanlage Puffkohlen. Nun f\u00fchlte sich der Tura 05\/07 als Verein. Von jetzt an erzog der Tura 05\/07, neben dem Elternhaus und der Schule, auch die Kinder. Von da an gesellten sich immer mehr Sportarten unter das Dach des DJK Tura 05\/07. Zu den vorhandenen Abteilungen kamen eine Tischtennisabteilung, eine Turnergruppe &#8222;Mutter und Kind&#8220;, eine Abteilung Sport f\u00fcr behinderte Kinder, eine Hobbymannschaft der Volleyballer und eine Koronarsportgruppe mit einem speziell ausgebildeten \u00dcbungsleiter dazu.<\/span><\/p>\n<p><span style=\"font-family: arial, helvetica, sans-serif; font-size: 12pt;\">Der Schwarz-Wei\u00df 09 Giesenkirchen wurde im Jahre 1909 durch den TC Pfeil 09 und Sportfreunde Sturm ins Leben gerufen. Beide Vereine waren bis zu diesem Zeitpunkt kaum existenzf\u00e4hig, da beide Vereine nur 30 bis 40 Mitglieder hatten. 1914 wurde der Verein erst in den Westdeutschen Fu\u00dfballverband aufgenommen. Der Verein hatte viele verschiedene Orte, an denen er seinen Sportplatz hatte, bis er schlie\u00dflich an die Sportanlage Puffkohlen heimisch wurde. Die 1. Mannschaft wurde im Ersten Weltkrieg aufgel\u00f6st, da fast alle Spieler im Krieg fielen. 1920 gab es die Wiederauferstehung der Schwarz-Wei\u00dfen. Man spielte aber nun wieder unter dem alten Namen FC Pfeil 09.<\/span><\/p>\n<p><span style=\"font-family: arial, helvetica, sans-serif; font-size: 12pt;\">Der Verein bekam immer mehr Jugendzuwachs, weil man 1924 in der C-Klasse Meister wurde. Dieses blieb aber ohne Wertung, da diese Klasse aufgel\u00f6st wurde. In der Saison 1934\/35 wurde man dann ungeschlagener Meister. Der Sportplatz wurde nun ausgebaut. Aufgrund des Zweiten Weltkrieges spielte man in den Jahren 1935-1943 nur mit Jugendmannschaften. Von 1943-1945 ruhte dann der Spielbetrieb, da auch keine Jugendmannschaften mehr zur Verf\u00fcgung standen. Erst im Jahre 1945 nahm man den Spielbetrieb wieder auf, ohne aber Spieler f\u00fcr die 1. Mannschaft zu haben.<\/span><\/p>\n<p><span style=\"font-family: arial, helvetica, sans-serif; font-size: 12pt;\">In der Saison 1947\/48 begann der Verein in der Verbandsliga. Von nun an folgten Auf- und Abstiege. Im Jahre 1981 fusionierte schlie\u00dflich Schwarz-Wei\u00df 09 Giesenkirchen mit dem DJK Tura 05\/07, und somit war der DJK\/VfL Giesenkirchen 05\/07 e.V. geboren.<\/span><\/p>\n<p><span style=\"font-family: arial, helvetica, sans-serif; font-size: 12pt;\">Joseph Schwarzer, der diese Vereinigung miterlebt hat, sagt: &#8222;Ich fand es gut, dass sich unsere Vereine zusammengetan haben. So haben alle mehr von der Sportanlage Puffkohlen.&#8220;<\/span><\/p>\n<p><span style=\"font-family: arial, helvetica, sans-serif; font-size: 12pt;\">Von Tim Brommer<\/span><\/p>\n<p>&nbsp;<\/p>\n<p><img loading=\"lazy\" decoding=\"async\" class=\" wp-image-176 aligncenter\" src=\"http:\/\/djkvfl-giesenkirchen.de\/neu\/wp-content\/uploads\/2018\/05\/Endversion_1-1024x572.jpg\" alt=\"\" width=\"836\" height=\"467\" srcset=\"http:\/\/djkvfl-giesenkirchen.de\/neu\/wp-content\/uploads\/2018\/05\/Endversion_1-1024x572.jpg 1024w, http:\/\/djkvfl-giesenkirchen.de\/neu\/wp-content\/uploads\/2018\/05\/Endversion_1-300x167.jpg 300w, http:\/\/djkvfl-giesenkirchen.de\/neu\/wp-content\/uploads\/2018\/05\/Endversion_1-768x429.jpg 768w, http:\/\/djkvfl-giesenkirchen.de\/neu\/wp-content\/uploads\/2018\/05\/Endversion_1-128x71.jpg 128w, http:\/\/djkvfl-giesenkirchen.de\/neu\/wp-content\/uploads\/2018\/05\/Endversion_1-32x18.jpg 32w, http:\/\/djkvfl-giesenkirchen.de\/neu\/wp-content\/uploads\/2018\/05\/Endversion_1-480x268.jpg 480w, http:\/\/djkvfl-giesenkirchen.de\/neu\/wp-content\/uploads\/2018\/05\/Endversion_1-780x435.jpg 780w, http:\/\/djkvfl-giesenkirchen.de\/neu\/wp-content\/uploads\/2018\/05\/Endversion_1-1200x670.jpg 1200w, http:\/\/djkvfl-giesenkirchen.de\/neu\/wp-content\/uploads\/2018\/05\/Endversion_1-98x55.jpg 98w, http:\/\/djkvfl-giesenkirchen.de\/neu\/wp-content\/uploads\/2018\/05\/Endversion_1-600x335.jpg 600w, http:\/\/djkvfl-giesenkirchen.de\/neu\/wp-content\/uploads\/2018\/05\/Endversion_1.jpg 1600w\" sizes=\"auto, (max-width: 836px) 100vw, 836px\" \/><\/p>\n","protected":false},"excerpt":{"rendered":"<p>Der Verein DJK\/VfL Giesenkirchen ist aus dem DJK Tura 05\/07 und dem Schwarz-Wei\u00df 09 Giesenkirchen entstanden. Im Jahre 1905 wurde<\/p>\n","protected":false},"author":2,"featured_media":0,"parent":40,"menu_order":0,"comment_status":"closed","ping_status":"closed","template":"","meta":{"footnotes":""},"class_list":["post-159","page","type-page","status-publish","hentry"],"rttpg_featured_image_url":null,"rttpg_author":{"display_name":"Lutz Dombert","author_link":"http:\/\/djkvfl-giesenkirchen.de\/neu\/author\/lutz\/"},"rttpg_comment":0,"rttpg_category":null,"rttpg_excerpt":"Der Verein DJK\/VfL Giesenkirchen ist aus dem DJK Tura 05\/07 und dem Schwarz-Wei\u00df 09 Giesenkirchen entstanden. Im Jahre 1905 wurde","_links":{"self":[{"href":"http:\/\/djkvfl-giesenkirchen.de\/neu\/wp-json\/wp\/v2\/pages\/159","targetHints":{"allow":["GET"]}}],"collection":[{"href":"http:\/\/djkvfl-giesenkirchen.de\/neu\/wp-json\/wp\/v2\/pages"}],"about":[{"href":"http:\/\/djkvfl-giesenkirchen.de\/neu\/wp-json\/wp\/v2\/types\/page"}],"author":[{"embeddable":true,"href":"http:\/\/djkvfl-giesenkirchen.de\/neu\/wp-json\/wp\/v2\/users\/2"}],"replies":[{"embeddable":true,"href":"http:\/\/djkvfl-giesenkirchen.de\/neu\/wp-json\/wp\/v2\/comments?post=159"}],"version-history":[{"count":5,"href":"http:\/\/djkvfl-giesenkirchen.de\/neu\/wp-json\/wp\/v2\/pages\/159\/revisions"}],"predecessor-version":[{"id":179,"href":"http:\/\/djkvfl-giesenkirchen.de\/neu\/wp-json\/wp\/v2\/pages\/159\/revisions\/179"}],"up":[{"embeddable":true,"href":"http:\/\/djkvfl-giesenkirchen.de\/neu\/wp-json\/wp\/v2\/pages\/40"}],"wp:attachment":[{"href":"http:\/\/djkvfl-giesenkirchen.de\/neu\/wp-json\/wp\/v2\/media?parent=159"}],"curies":[{"name":"wp","href":"https:\/\/api.w.org\/{rel}","templated":true}]}}