{"id":192,"date":"2018-05-07T06:45:25","date_gmt":"2018-05-07T04:45:25","guid":{"rendered":"http:\/\/djkvfl-giesenkirchen.de\/neu\/?page_id=192"},"modified":"2021-08-06T09:25:23","modified_gmt":"2021-08-06T07:25:23","slug":"sponsoring","status":"publish","type":"page","link":"http:\/\/djkvfl-giesenkirchen.de\/neu\/home\/sponsoring\/","title":{"rendered":"Sponsoring"},"content":{"rendered":"<p style=\"font-weight: 400;\"><span style=\"font-family: arial, helvetica, sans-serif; color: #9e1818;\"><strong>Der Verein<\/strong><\/span><\/p>\n<p style=\"font-weight: 400;\"><span style=\"font-family: arial, helvetica, sans-serif;\">Wir sind mit \u00fcber einhundertj\u00e4hriger Tradition der gr\u00f6\u00dfte Breitensportverein im Stadtteil Giesenkirchen\u00a0mit Schwerpunkt im Bereich Fu\u00dfball. Ca. 300 Mitglieder sind gegenw\u00e4rtig in 11 Jugend- und 6 Seniorenmannschaften (sowohl m\u00e4nnlich als auch weiblich) in der Fu\u00dfballabteilung organisiert und nehmen am regul\u00e4ren Spielbetrieb des gr\u00f6\u00dften deutschen Sportverbandes DFB teil.<\/span><\/p>\n<p style=\"font-weight: 400;\"><em><span style=\"font-family: arial, helvetica, sans-serif;\"><strong>Fu\u00dfball in Giesenkirchen bedeutet Spiel, Freude und fairen Wettkampf. Zusammenhalt, Vereinsleben\u00a0und Spa\u00df am Mannschaftssport werden bei uns gro\u00dfgeschrieben.<\/strong><\/span><\/em><\/p>\n<p style=\"font-weight: 400;\"><span style=\"font-family: arial, helvetica, sans-serif; color: #9e1818;\"><strong>Was wir tun<\/strong><\/span><\/p>\n<p style=\"font-weight: 400;\"><span style=\"font-family: arial, helvetica, sans-serif;\">Als Verein arbeiten wir und unsere ehrenamtlichen Helfer, Betreuer, Trainer und Unterst\u00fctzer aktiv daran mit, sportlichen Wettkampf und soziale Kompetenz von jungen Menschen zu f\u00f6rdern. Wir integrieren unsere aktiven und passiven Mitglieder in einer starken Gemeinschaft.<\/span><\/p>\n<p style=\"font-weight: 400;\"><span style=\"font-family: arial, helvetica, sans-serif;\">Sportlicher Erfolg und ein gesundes Ma\u00df an Ehrgeiz tragen zu einer Pers\u00f6nlichkeitsbildung und \u2013verfestigung bei, die auch au\u00dferhalb des Sports wertvoll ist. Wir k\u00f6nnen zudem einen Beitrag leisten, um zunehmendem k\u00f6rperlichem Bewegungs- und Koordinationsmangel entgegenzuwirken. Wir sind eine Alternative zu \u00fcberm\u00e4\u00dfigem Passivkonsum vor dem TV, Internet und Spielekonsolen.\u00a0Durch die bei uns vermittelte Struktur in einem geordneten Trainingsbetrieb beugen wir drohenden\u00a0Gefahren f\u00fcr Jugendliche und jungen Menschen\u00a0z.B. durch Drogen, Alkohol, Kriminalit\u00e4t oder\u00a0 Verwahrlosung vor.<\/span><\/p>\n<p style=\"font-weight: 400;\"><span style=\"font-family: arial, helvetica, sans-serif; color: #9e1818;\"><strong>Warum wir Sie brauchen<\/strong><\/span><\/p>\n<p style=\"font-weight: 400;\"><span style=\"font-family: arial, helvetica, sans-serif;\">In Zeiten knapper \u00f6ffentlicher Mittel kommt es in zunehmendem Ma\u00dfe auf privates Engagement, Ehrenamt und die Unterst\u00fctzung der lokalen Wirtschaft zur Aufrechterhaltung der erarbeiteten Werte an.\u00a0Auf die Unterst\u00fctzung von engagierten Ehrenamtlern k\u00f6nnen wir z\u00e4hlen. Wir brauchen aber dar\u00fcber\u00a0hinaus weitere Unterst\u00fctzung von Sponsoren. Bitte\u00a0unterst\u00fctzen Sie unsere T\u00e4tigkeit. Wir bieten Ihnen hierzu beispielhaft die nachstehenden Werbema\u00dfnahmen an.<\/span><\/p>\n<p style=\"font-weight: 400;\"><span style=\"font-family: arial, helvetica, sans-serif;\">Geme stehen wir allerdings auch individuell als Ansprechpartner f\u00fcr Sie zur Verf\u00fcgung,\u00a0wenn Ihnen ein Engagement au\u00dferhalb der angebotenen M\u00f6glichkeiten eher zusagt.<\/span><\/p>\n<p style=\"font-weight: 400;\"><span style=\"font-family: arial, helvetica, sans-serif;\">Alle Sponsorenpartner erhalten zus\u00e4tzlich zu ihrer Werbung eine kostenlose Verlinkung auf unsere\u00a0Sponsorenseite der Vereinshomepage.\u00a0Selbstverst\u00e4ndlich erhalten Sie f\u00fcr Ihre Zuwendung eine ordnungsgem\u00e4\u00dfe Spenden- quittung\u00a0oder\u00a0als\u00a0Werbepartner eine abzugsf\u00e4hige Rechnung.<\/span><\/p>\n<p><em><span style=\"font-weight: 400; font-family: arial, helvetica, sans-serif; color: #9e1818;\"><strong>Wir w\u00fcrden uns freuen, wenn Sie unseren Verein unterst\u00fctzen.<\/strong>\u00a0\u00a0\u00a0\u00a0<\/span><\/em><\/p>\n<p><span style=\"font-family: arial, helvetica, sans-serif;\"><span style=\"color: #9e1818;\"><strong><img loading=\"lazy\" decoding=\"async\" class=\"alignnone size-full wp-image-201\" src=\"http:\/\/djkvfl-giesenkirchen.de\/neu\/wp-content\/uploads\/2018\/05\/Sponsoren_Bild_3.jpg\" alt=\"\" width=\"268\" height=\"222\" srcset=\"http:\/\/djkvfl-giesenkirchen.de\/neu\/wp-content\/uploads\/2018\/05\/Sponsoren_Bild_3.jpg 268w, http:\/\/djkvfl-giesenkirchen.de\/neu\/wp-content\/uploads\/2018\/05\/Sponsoren_Bild_3-128x106.jpg 128w, http:\/\/djkvfl-giesenkirchen.de\/neu\/wp-content\/uploads\/2018\/05\/Sponsoren_Bild_3-32x27.jpg 32w, http:\/\/djkvfl-giesenkirchen.de\/neu\/wp-content\/uploads\/2018\/05\/Sponsoren_Bild_3-98x81.jpg 98w\" sizes=\"auto, (max-width: 268px) 100vw, 268px\" \/>\u00a0 \u00a0 \u00a0 \u00a0 \u00a0 \u00a0 \u00a0 \u00a0 \u00a0 \u00a0 \u00a0 \u00a0 \u00a0<img loading=\"lazy\" decoding=\"async\" class=\"alignnone size-full wp-image-200\" src=\"http:\/\/djkvfl-giesenkirchen.de\/neu\/wp-content\/uploads\/2018\/05\/Sponsoren_Bild_2.jpg\" alt=\"\" width=\"278\" height=\"223\" srcset=\"http:\/\/djkvfl-giesenkirchen.de\/neu\/wp-content\/uploads\/2018\/05\/Sponsoren_Bild_2.jpg 278w, http:\/\/djkvfl-giesenkirchen.de\/neu\/wp-content\/uploads\/2018\/05\/Sponsoren_Bild_2-128x103.jpg 128w, http:\/\/djkvfl-giesenkirchen.de\/neu\/wp-content\/uploads\/2018\/05\/Sponsoren_Bild_2-32x26.jpg 32w, http:\/\/djkvfl-giesenkirchen.de\/neu\/wp-content\/uploads\/2018\/05\/Sponsoren_Bild_2-143x116.jpg 143w, http:\/\/djkvfl-giesenkirchen.de\/neu\/wp-content\/uploads\/2018\/05\/Sponsoren_Bild_2-98x79.jpg 98w\" sizes=\"auto, (max-width: 278px) 100vw, 278px\" \/>\u00a0 \u00a0 \u00a0 \u00a0 \u00a0 \u00a0 \u00a0 \u00a0 \u00a0 \u00a0 \u00a0 \u00a0\u00a0<img loading=\"lazy\" decoding=\"async\" class=\"alignnone size-full wp-image-199\" src=\"http:\/\/djkvfl-giesenkirchen.de\/neu\/wp-content\/uploads\/2018\/05\/Sponsoren_Bild_1.jpg\" alt=\"\" width=\"285\" height=\"224\" srcset=\"http:\/\/djkvfl-giesenkirchen.de\/neu\/wp-content\/uploads\/2018\/05\/Sponsoren_Bild_1.jpg 285w, http:\/\/djkvfl-giesenkirchen.de\/neu\/wp-content\/uploads\/2018\/05\/Sponsoren_Bild_1-128x101.jpg 128w, http:\/\/djkvfl-giesenkirchen.de\/neu\/wp-content\/uploads\/2018\/05\/Sponsoren_Bild_1-32x25.jpg 32w, http:\/\/djkvfl-giesenkirchen.de\/neu\/wp-content\/uploads\/2018\/05\/Sponsoren_Bild_1-98x77.jpg 98w\" sizes=\"auto, (max-width: 285px) 100vw, 285px\" \/><\/strong><\/span><\/span><\/p>\n<p><span style=\"font-family: arial, helvetica, sans-serif;\"><span style=\"color: #9e1818;\"><strong>N\u00e4here Infos zu allen M\u00f6glichkeiten und Sponsorenpaketen bei:<\/strong>\u00a0<\/span>\u00a0<\/span><\/p>\n<p><span style=\"font-family: arial, helvetica, sans-serif;\"><span style=\"color: #9e1818;\"><strong>Ralf Nolden:\u00a0<\/strong><\/span>Tel.: 0160\/7524599<\/span><\/p>\n<p><span style=\"font-family: arial, helvetica, sans-serif;\"><span style=\"color: #9e1818;\"><strong>Dr. Marco Geyr.:<\/strong><\/span>\u00a001525\/5195555<\/span><\/p>\n<p><span style=\"font-family: arial, helvetica, sans-serif;\">oder per E-Mail an:\u00a0<a href=\"mailto:%20%3Cscript%20type='text\/javascript'%3E%20%3C!--%20var%20prefix%20=%20'ma'%20+%20'il'%20+%20'to';%20var%20path%20=%20'hr'%20+%20'ef'%20+%20'=';%20var%20addy85448%20=%20'sponsoring'%20+%20'@';%20addy85448%20=%20addy85448%20+%20'djkvfl-giesenkirchen'%20+%20'.'%20+%20'de';%20document.write('%3Ca%20'%20+%20path%20+%20'\\''%20+%20prefix%20+%20':'%20+%20addy85448%20+%20'\\'%3E');%20document.write(addy85448);%20document.write('%3C\\\/a%3E');%20\/\/--%3E\\n%20%3C\/script%3E%3Cscript%20type='text\/javascript'%3E%20%3C!--%20document.write('%3Cspan%20style=\\'display:%20none;\\'%3E');%20\/\/--%3E%20%3C\/script%3EDiese%20E-Mail-Adresse%20ist%20vor%20Spambots%20gesch%C3%BCtzt!%20Zur%20Anzeige%20muss%20JavaScript%20eingeschaltet%20sein!%20%3Cscript%20type='text\/javascript'%3E%20%3C!--%20document.write('%3C\/');%20document.write('span%3E');%20\/\/--%3E%20%3C\/script%3E\"><strong>\u00a0<\/strong><\/a><span style=\"color: #9e1818;\"><strong><a style=\"color: #9e1818;\" href=\"mailto:sponsoring@djkvfl-giesenkirchen.de\">sponsoring@djkvfl-giesenkirchen.de<\/a><\/strong><\/span><\/span><\/p>\n","protected":false},"excerpt":{"rendered":"<p>Der Verein Wir sind mit \u00fcber einhundertj\u00e4hriger Tradition der gr\u00f6\u00dfte Breitensportverein im Stadtteil Giesenkirchen\u00a0mit Schwerpunkt im Bereich Fu\u00dfball. Ca. 300<\/p>\n","protected":false},"author":2,"featured_media":0,"parent":40,"menu_order":0,"comment_status":"closed","ping_status":"closed","template":"","meta":{"footnotes":""},"class_list":["post-192","page","type-page","status-publish","hentry"],"rttpg_featured_image_url":null,"rttpg_author":{"display_name":"Lutz Dombert","author_link":"http:\/\/djkvfl-giesenkirchen.de\/neu\/author\/lutz\/"},"rttpg_comment":0,"rttpg_category":null,"rttpg_excerpt":"Der Verein Wir sind mit \u00fcber einhundertj\u00e4hriger Tradition der gr\u00f6\u00dfte Breitensportverein im Stadtteil Giesenkirchen\u00a0mit Schwerpunkt im Bereich Fu\u00dfball. Ca. 300","_links":{"self":[{"href":"http:\/\/djkvfl-giesenkirchen.de\/neu\/wp-json\/wp\/v2\/pages\/192","targetHints":{"allow":["GET"]}}],"collection":[{"href":"http:\/\/djkvfl-giesenkirchen.de\/neu\/wp-json\/wp\/v2\/pages"}],"about":[{"href":"http:\/\/djkvfl-giesenkirchen.de\/neu\/wp-json\/wp\/v2\/types\/page"}],"author":[{"embeddable":true,"href":"http:\/\/djkvfl-giesenkirchen.de\/neu\/wp-json\/wp\/v2\/users\/2"}],"replies":[{"embeddable":true,"href":"http:\/\/djkvfl-giesenkirchen.de\/neu\/wp-json\/wp\/v2\/comments?post=192"}],"version-history":[{"count":7,"href":"http:\/\/djkvfl-giesenkirchen.de\/neu\/wp-json\/wp\/v2\/pages\/192\/revisions"}],"predecessor-version":[{"id":1925,"href":"http:\/\/djkvfl-giesenkirchen.de\/neu\/wp-json\/wp\/v2\/pages\/192\/revisions\/1925"}],"up":[{"embeddable":true,"href":"http:\/\/djkvfl-giesenkirchen.de\/neu\/wp-json\/wp\/v2\/pages\/40"}],"wp:attachment":[{"href":"http:\/\/djkvfl-giesenkirchen.de\/neu\/wp-json\/wp\/v2\/media?parent=192"}],"curies":[{"name":"wp","href":"https:\/\/api.w.org\/{rel}","templated":true}]}}