{"id":305,"date":"2018-05-17T06:53:54","date_gmt":"2018-05-17T04:53:54","guid":{"rendered":"http:\/\/djkvfl-giesenkirchen.de\/neu\/?page_id=305"},"modified":"2023-07-26T10:43:46","modified_gmt":"2023-07-26T08:43:46","slug":"download","status":"publish","type":"page","link":"http:\/\/djkvfl-giesenkirchen.de\/neu\/home\/download\/","title":{"rendered":"Download"},"content":{"rendered":"<div class='w3eden'><!-- WPDM Link Template: Default Template -->\n\n<div class=\"link-template-default card mb-2\">\n    <div class=\"card-body\">\n        <div class=\"media\">\n            <div class=\"mr-3 img-48\"><img decoding=\"async\" class=\"wpdm_icon\" alt=\"Icon\" src=\"http:\/\/djkvfl-giesenkirchen.de\/neu\/wp-content\/plugins\/download-manager\/assets\/file-type-icons\/pdf.svg\" \/><\/div>\n            <div class=\"media-body\">\n                <h3 class=\"package-title\"><a href='http:\/\/djkvfl-giesenkirchen.de\/neu\/download\/antrag-zur-anmeldung-in-unserem-verein\/'>Antrag zur Anmeldung in unserem Verein<\/a><\/h3>\n                <div class=\"text-muted text-small\"><i class=\"fas fa-copy\"><\/i> 1 Datei(en) <i class=\"fas fa-hdd ml-3\"><\/i> 671.85 KB<\/div>\n            <\/div>\n            <div class=\"ml-3\">\n                <a class='wpdm-download-link download-on-click btn btn-primary ' rel='nofollow' href='#' data-downloadurl=\"http:\/\/djkvfl-giesenkirchen.de\/neu\/download\/antrag-zur-anmeldung-in-unserem-verein\/?wpdmdl=1084&refresh=69e24333a79d81776436019\">Download<\/a>\n            <\/div>\n        <\/div>\n    <\/div>\n<\/div>\n\n<\/div>\n<div class='w3eden'><!-- WPDM Link Template: Default Template -->\n\n<div class=\"link-template-default card mb-2\">\n    <div class=\"card-body\">\n        <div class=\"media\">\n            <div class=\"mr-3 img-48\"><img decoding=\"async\" class=\"wpdm_icon\" alt=\"Icon\" src=\"http:\/\/djkvfl-giesenkirchen.de\/neu\/wp-content\/plugins\/download-manager\/assets\/file-type-icons\/pdf.svg\" \/><\/div>\n            <div class=\"media-body\">\n                <h3 class=\"package-title\"><a href='http:\/\/djkvfl-giesenkirchen.de\/neu\/download\/bescheinigung-fuer-ein-probetraining-in-unserem-verein\/'>Bescheinigung f\u00fcr ein Probetraining in unserem Verein<\/a><\/h3>\n                <div class=\"text-muted text-small\"><i class=\"fas fa-copy\"><\/i> 1 Datei(en) <i class=\"fas fa-hdd ml-3\"><\/i> 175.52 KB<\/div>\n            <\/div>\n            <div class=\"ml-3\">\n                <a class='wpdm-download-link download-on-click btn btn-primary ' rel='nofollow' href='#' data-downloadurl=\"http:\/\/djkvfl-giesenkirchen.de\/neu\/download\/bescheinigung-fuer-ein-probetraining-in-unserem-verein\/?wpdmdl=304&refresh=69e24333a92c01776436019\">Download<\/a>\n            <\/div>\n        <\/div>\n    <\/div>\n<\/div>\n\n<\/div>\n<div class='w3eden'><!-- WPDM Link Template: Default Template -->\n\n<div class=\"link-template-default card mb-2\">\n    <div class=\"card-body\">\n        <div class=\"media\">\n            <div class=\"mr-3 img-48\"><img decoding=\"async\" class=\"wpdm_icon\" alt=\"Icon\" src=\"http:\/\/djkvfl-giesenkirchen.de\/neu\/wp-content\/plugins\/download-manager\/assets\/file-type-icons\/pdf.svg\" \/><\/div>\n            <div class=\"media-body\">\n                <h3 class=\"package-title\"><a href='http:\/\/djkvfl-giesenkirchen.de\/neu\/download\/wdfv-spielordnung-stand-01-07-2023\/'>WDFV Spielordnung - Stand 01.07.2023<\/a><\/h3>\n                <div class=\"text-muted text-small\"><i class=\"fas fa-copy\"><\/i> 1 Datei(en) <i class=\"fas fa-hdd ml-3\"><\/i> 386.93 KB<\/div>\n            <\/div>\n            <div class=\"ml-3\">\n                <a class='wpdm-download-link download-on-click btn btn-primary ' rel='nofollow' href='#' data-downloadurl=\"http:\/\/djkvfl-giesenkirchen.de\/neu\/download\/wdfv-spielordnung-stand-01-07-2023\/?wpdmdl=2188&refresh=69e24333aa4671776436019\">Download<\/a>\n            <\/div>\n        <\/div>\n    <\/div>\n<\/div>\n\n<\/div>\n<div class='w3eden'><!-- WPDM Link Template: Default Template -->\n\n<div class=\"link-template-default card mb-2\">\n    <div class=\"card-body\">\n        <div class=\"media\">\n            <div class=\"mr-3 img-48\"><img decoding=\"async\" class=\"wpdm_icon\" alt=\"Icon\" src=\"http:\/\/djkvfl-giesenkirchen.de\/neu\/wp-content\/plugins\/download-manager\/assets\/file-type-icons\/pdf.svg\" \/><\/div>\n            <div class=\"media-body\">\n                <h3 class=\"package-title\"><a href='http:\/\/djkvfl-giesenkirchen.de\/neu\/download\/jugendspielordnung-jspo-stand-01-01-2023\/'>Jugendspielordnung - Stand 01.01.2023<\/a><\/h3>\n                <div class=\"text-muted text-small\"><i class=\"fas fa-copy\"><\/i> 1 Datei(en) <i class=\"fas fa-hdd ml-3\"><\/i> 325.26 KB<\/div>\n            <\/div>\n            <div class=\"ml-3\">\n                <a class='wpdm-download-link download-on-click btn btn-primary ' rel='nofollow' href='#' data-downloadurl=\"http:\/\/djkvfl-giesenkirchen.de\/neu\/download\/jugendspielordnung-jspo-stand-01-01-2023\/?wpdmdl=2192&refresh=69e24333ab3d11776436019\">Download<\/a>\n            <\/div>\n        <\/div>\n    <\/div>\n<\/div>\n\n<\/div>\n<div class='w3eden'><!-- WPDM Link Template: Default Template -->\n\n<div class=\"link-template-default card mb-2\">\n    <div class=\"card-body\">\n        <div class=\"media\">\n            <div class=\"mr-3 img-48\"><img decoding=\"async\" class=\"wpdm_icon\" alt=\"Icon\" src=\"http:\/\/djkvfl-giesenkirchen.de\/neu\/wp-content\/plugins\/download-manager\/assets\/file-type-icons\/pdf.svg\" \/><\/div>\n            <div class=\"media-body\">\n                <h3 class=\"package-title\"><a href='http:\/\/djkvfl-giesenkirchen.de\/neu\/download\/jugendordnung-stand-01-01-2023\/'>Jugendordnung - Stand 01.01.2023<\/a><\/h3>\n                <div class=\"text-muted text-small\"><i class=\"fas fa-copy\"><\/i> 1 Datei(en) <i class=\"fas fa-hdd ml-3\"><\/i> 139.32 KB<\/div>\n            <\/div>\n            <div class=\"ml-3\">\n                <a class='wpdm-download-link download-on-click btn btn-primary ' rel='nofollow' href='#' data-downloadurl=\"http:\/\/djkvfl-giesenkirchen.de\/neu\/download\/jugendordnung-stand-01-01-2023\/?wpdmdl=2191&refresh=69e24333ac3731776436019\">Download<\/a>\n            <\/div>\n        <\/div>\n    <\/div>\n<\/div>\n\n<\/div>\n<div class='w3eden'><!-- WPDM Link Template: Default Template -->\n\n<div class=\"link-template-default card mb-2\">\n    <div class=\"card-body\">\n        <div class=\"media\">\n            <div class=\"mr-3 img-48\"><img decoding=\"async\" class=\"wpdm_icon\" alt=\"Icon\" src=\"http:\/\/djkvfl-giesenkirchen.de\/neu\/wp-content\/plugins\/download-manager\/assets\/file-type-icons\/pdf.svg\" \/><\/div>\n            <div class=\"media-body\">\n                <h3 class=\"package-title\"><a href='http:\/\/djkvfl-giesenkirchen.de\/neu\/download\/durchfuehrungsbestimmungen-fuer-den-spielbetrieb-der-juniorenspielklassen-auf-kreisebene-fuer-die-saison-2023-2024\/'>Durchf\u00fchrungsbestimmungen f\u00fcr den Spielbetrieb der Juniorenspielklassen auf Kreisebene f\u00fcr die Saison 2023\/2024<\/a><\/h3>\n                <div class=\"text-muted text-small\"><i class=\"fas fa-copy\"><\/i> 1 Datei(en) <i class=\"fas fa-hdd ml-3\"><\/i> 923.44 KB<\/div>\n            <\/div>\n            <div class=\"ml-3\">\n                <a class='wpdm-download-link download-on-click btn btn-primary ' rel='nofollow' href='#' data-downloadurl=\"http:\/\/djkvfl-giesenkirchen.de\/neu\/download\/durchfuehrungsbestimmungen-fuer-den-spielbetrieb-der-juniorenspielklassen-auf-kreisebene-fuer-die-saison-2023-2024\/?wpdmdl=2189&refresh=69e24333ad3cd1776436019\">Download<\/a>\n            <\/div>\n        <\/div>\n    <\/div>\n<\/div>\n\n<\/div>\n<div class='w3eden'><!-- WPDM Link Template: Default Template -->\n\n<div class=\"link-template-default card mb-2\">\n    <div class=\"card-body\">\n        <div class=\"media\">\n            <div class=\"mr-3 img-48\"><img decoding=\"async\" class=\"wpdm_icon\" alt=\"Icon\" src=\"http:\/\/djkvfl-giesenkirchen.de\/neu\/wp-content\/plugins\/download-manager\/assets\/file-type-icons\/pdf.svg\" \/><\/div>\n            <div class=\"media-body\">\n                <h3 class=\"package-title\"><a href='http:\/\/djkvfl-giesenkirchen.de\/neu\/download\/durchfuehrungsbestimmungen-der-sonderliga-linker-niederrhein-b-junioren-mg-vie-gv-ne-kk-kr\/'>Durchf\u00fchrungsbestimmungen der Sonderliga Linker Niederrhein \/ B-Junioren MG\/VIE \u2013 GV\/NE \u2013 KK\/KR<\/a><\/h3>\n                <div class=\"text-muted text-small\"><i class=\"fas fa-copy\"><\/i> 1 Datei(en) <i class=\"fas fa-hdd ml-3\"><\/i> 214.24 KB<\/div>\n            <\/div>\n            <div class=\"ml-3\">\n                <a class='wpdm-download-link download-on-click btn btn-primary ' rel='nofollow' href='#' data-downloadurl=\"http:\/\/djkvfl-giesenkirchen.de\/neu\/download\/durchfuehrungsbestimmungen-der-sonderliga-linker-niederrhein-b-junioren-mg-vie-gv-ne-kk-kr\/?wpdmdl=2193&refresh=69e24333ae4201776436019\">Download<\/a>\n            <\/div>\n        <\/div>\n    <\/div>\n<\/div>\n\n<\/div>\n<div class='w3eden'><!-- WPDM Link Template: Default Template -->\n\n<div class=\"link-template-default card mb-2\">\n    <div class=\"card-body\">\n        <div class=\"media\">\n            <div class=\"mr-3 img-48\"><img decoding=\"async\" class=\"wpdm_icon\" alt=\"Icon\" src=\"http:\/\/djkvfl-giesenkirchen.de\/neu\/wp-content\/plugins\/download-manager\/assets\/file-type-icons\/pdf.svg\" \/><\/div>\n            <div class=\"media-body\">\n                <h3 class=\"package-title\"><a href='http:\/\/djkvfl-giesenkirchen.de\/neu\/download\/allgemeine-bestimmungen-fuer-den-herren-spielbetrieb-in-der-spielzeit-2023-2024-kreis-moenchengladbach\/'>Allgemeine Bestimmungen f\u00fcr den Herren-Spielbetrieb in der Spielzeit 2023\/2024 (Kreis M\u00f6nchengladbach)<\/a><\/h3>\n                <div class=\"text-muted text-small\"><i class=\"fas fa-copy\"><\/i> 1 Datei(en) <i class=\"fas fa-hdd ml-3\"><\/i> 150.04 KB<\/div>\n            <\/div>\n            <div class=\"ml-3\">\n                <a class='wpdm-download-link download-on-click btn btn-primary ' rel='nofollow' href='#' data-downloadurl=\"http:\/\/djkvfl-giesenkirchen.de\/neu\/download\/allgemeine-bestimmungen-fuer-den-herren-spielbetrieb-in-der-spielzeit-2023-2024-kreis-moenchengladbach\/?wpdmdl=2190&refresh=69e24333af47b1776436019\">Download<\/a>\n            <\/div>\n        <\/div>\n    <\/div>\n<\/div>\n\n<\/div>\n","protected":false},"excerpt":{"rendered":"","protected":false},"author":2,"featured_media":0,"parent":40,"menu_order":0,"comment_status":"closed","ping_status":"closed","template":"","meta":{"footnotes":""},"class_list":["post-305","page","type-page","status-publish","hentry"],"rttpg_featured_image_url":null,"rttpg_author":{"display_name":"Lutz Dombert","author_link":"http:\/\/djkvfl-giesenkirchen.de\/neu\/author\/lutz\/"},"rttpg_comment":0,"rttpg_category":null,"rttpg_excerpt":null,"_links":{"self":[{"href":"http:\/\/djkvfl-giesenkirchen.de\/neu\/wp-json\/wp\/v2\/pages\/305","targetHints":{"allow":["GET"]}}],"collection":[{"href":"http:\/\/djkvfl-giesenkirchen.de\/neu\/wp-json\/wp\/v2\/pages"}],"about":[{"href":"http:\/\/djkvfl-giesenkirchen.de\/neu\/wp-json\/wp\/v2\/types\/page"}],"author":[{"embeddable":true,"href":"http:\/\/djkvfl-giesenkirchen.de\/neu\/wp-json\/wp\/v2\/users\/2"}],"replies":[{"embeddable":true,"href":"http:\/\/djkvfl-giesenkirchen.de\/neu\/wp-json\/wp\/v2\/comments?post=305"}],"version-history":[{"count":9,"href":"http:\/\/djkvfl-giesenkirchen.de\/neu\/wp-json\/wp\/v2\/pages\/305\/revisions"}],"predecessor-version":[{"id":2196,"href":"http:\/\/djkvfl-giesenkirchen.de\/neu\/wp-json\/wp\/v2\/pages\/305\/revisions\/2196"}],"up":[{"embeddable":true,"href":"http:\/\/djkvfl-giesenkirchen.de\/neu\/wp-json\/wp\/v2\/pages\/40"}],"wp:attachment":[{"href":"http:\/\/djkvfl-giesenkirchen.de\/neu\/wp-json\/wp\/v2\/media?parent=305"}],"curies":[{"name":"wp","href":"https:\/\/api.w.org\/{rel}","templated":true}]}}